{"id":1478,"date":"2023-03-21T10:51:21","date_gmt":"2023-03-21T10:51:21","guid":{"rendered":"https:\/\/suckhoetrituehcm.com\/nail\/home\/"},"modified":"2025-10-11T16:12:35","modified_gmt":"2025-10-11T16:12:35","slug":"home","status":"publish","type":"page","link":"https:\/\/thumuahangthanhly.vn\/","title":{"rendered":"Services"},"content":{"rendered":"\n\n\n\n\n\n\n\n\n\n\n\n\n\n\n\n\n\n\n\n\n\n\n\n\n\n\n\n\n\r\n<p>&nbsp;<\/p>\r\n\n\n\r\n<p>Ch\u00fang T\u00f4i<\/p>\r\n\n\n\n\n\n\n\n\n\n\n\n\n\n\n\n\n\n\n\n\n\n\n\n\n\n\r\n<h2 data-start=\"289\" data-end=\"328\">Thu Mua H\u00e0ng Thanh L\u00fd .VN<\/h2>\r\n<p data-start=\"330\" data-end=\"622\">Ch\u00fang t\u00f4i tin r\u1eb1ng, m\u1ecdi m\u00f3n \u0111\u1ed3 \u0111\u1ec1u c\u00f3 gi\u00e1 tr\u1ecb \u2013 ch\u1ec9 c\u1ea7n \u0111\u01b0\u1ee3c t\u00ecm th\u1ea5y \u0111\u00fang ng\u01b0\u1eddi c\u1ea7n n\u00f3.<br data-start=\"418\" data-end=\"421\" \/>V\u00ec th\u1ebf, <strong data-start=\"429\" data-end=\"453\">ThuMuaHangThanhLy.vn<\/strong> ra \u0111\u1eddi v\u1edbi mong mu\u1ed1n <strong data-start=\"475\" data-end=\"536\">k\u1ebft n\u1ed1i, thu h\u1ed3i v\u00e0 t\u00e1i s\u1eed d\u1ee5ng nh\u1eefng t\u00e0i s\u1ea3n c\u00f2n gi\u00e1 tr\u1ecb<\/strong> \u2013 g\u00f3p ph\u1ea7n ti\u1ebft ki\u1ec7m chi ph\u00ed, b\u1ea3o v\u1ec7 m\u00f4i tr\u01b0\u1eddng v\u00e0 mang l\u1ea1i l\u1ee3i \u00edch cho c\u1ea3 hai b\u00ean.<\/p>\r\n<p data-start=\"624\" data-end=\"710\">Ch\u00fang t\u00f4i l\u00e0m vi\u1ec7c v\u1edbi s\u1ef1 ch\u00e2n th\u00e0nh, nhanh ch\u00f3ng v\u00e0 minh b\u1ea1ch trong t\u1eebng giao d\u1ecbch.<\/p>\r\n<blockquote data-start=\"711\" data-end=\"776\">\r\n<p data-start=\"713\" data-end=\"776\">\u201cGi\u00e1 t\u1ed1t nh\u1ea5t \u2013 Thu mua t\u1eadn n\u01a1i \u2013 Uy t\u00edn h\u00e0ng \u0111\u1ea7u to\u00e0n qu\u1ed1c.\u201d<\/p>\r\n<\/blockquote>\r\n<p data-start=\"778\" data-end=\"809\"><strong data-start=\"778\" data-end=\"807\">Team ThuMuaHangThanhLy.vn<\/strong><\/p>\r\n\n\n\n\n\n","protected":false},"excerpt":{"rendered":"","protected":false},"author":1,"featured_media":0,"parent":0,"menu_order":0,"comment_status":"closed","ping_status":"closed","template":"","meta":{"footnotes":""},"class_list":["post-1478","page","type-page","status-publish","hentry"],"_links":{"self":[{"href":"https:\/\/thumuahangthanhly.vn\/index.php?rest_route=\/wp\/v2\/pages\/1478","targetHints":{"allow":["GET"]}}],"collection":[{"href":"https:\/\/thumuahangthanhly.vn\/index.php?rest_route=\/wp\/v2\/pages"}],"about":[{"href":"https:\/\/thumuahangthanhly.vn\/index.php?rest_route=\/wp\/v2\/types\/page"}],"author":[{"embeddable":true,"href":"https:\/\/thumuahangthanhly.vn\/index.php?rest_route=\/wp\/v2\/users\/1"}],"replies":[{"embeddable":true,"href":"https:\/\/thumuahangthanhly.vn\/index.php?rest_route=%2Fwp%2Fv2%2Fcomments&post=1478"}],"version-history":[{"count":155,"href":"https:\/\/thumuahangthanhly.vn\/index.php?rest_route=\/wp\/v2\/pages\/1478\/revisions"}],"predecessor-version":[{"id":2030,"href":"https:\/\/thumuahangthanhly.vn\/index.php?rest_route=\/wp\/v2\/pages\/1478\/revisions\/2030"}],"wp:attachment":[{"href":"https:\/\/thumuahangthanhly.vn\/index.php?rest_route=%2Fwp%2Fv2%2Fmedia&parent=1478"}],"curies":[{"name":"wp","href":"https:\/\/api.w.org\/{rel}","templated":true}]}}